{"id":837,"date":"2020-11-09T22:16:00","date_gmt":"2020-11-09T22:16:00","guid":{"rendered":"https:\/\/www.csqworld.com\/blog-csq-world\/"},"modified":"2020-11-13T13:08:52","modified_gmt":"2020-11-13T13:08:52","slug":"blog","status":"publish","type":"page","link":"https:\/\/www.csqworld.com\/en\/blog\/","title":{"rendered":"Blog CSQ World"},"content":{"rendered":"\t\t<div data-elementor-type=\"wp-page\" data-elementor-id=\"837\" class=\"elementor elementor-837 elementor-169\" data-elementor-post-type=\"page\">\n\t\t\t\t\t\t<section class=\"elementor-section elementor-top-section elementor-element elementor-element-8249c33 elementor-section-boxed elementor-section-height-default elementor-section-height-default\" data-id=\"8249c33\" data-element_type=\"section\">\n\t\t\t\t\t\t<div class=\"elementor-container elementor-column-gap-default\">\n\t\t\t\t\t<div class=\"elementor-column elementor-col-50 elementor-top-column elementor-element elementor-element-9198fd5 elementor-invisible\" data-id=\"9198fd5\" data-element_type=\"column\" data-settings=\"{&quot;animation&quot;:&quot;fadeIn&quot;}\">\n\t\t\t<div class=\"elementor-widget-wrap elementor-element-populated\">\n\t\t\t\t\t\t<div class=\"elementor-element elementor-element-5acb763 elementor-grid-1 elementor-grid-tablet-2 elementor-grid-mobile-1 elementor-posts--thumbnail-top elementor-widget elementor-widget-posts\" data-id=\"5acb763\" data-element_type=\"widget\" data-settings=\"{&quot;classic_columns&quot;:&quot;1&quot;,&quot;pagination_type&quot;:&quot;numbers_and_prev_next&quot;,&quot;classic_row_gap&quot;:{&quot;unit&quot;:&quot;px&quot;,&quot;size&quot;:60,&quot;sizes&quot;:[]},&quot;classic_columns_tablet&quot;:&quot;2&quot;,&quot;classic_columns_mobile&quot;:&quot;1&quot;,&quot;classic_row_gap_tablet&quot;:{&quot;unit&quot;:&quot;px&quot;,&quot;size&quot;:&quot;&quot;,&quot;sizes&quot;:[]},&quot;classic_row_gap_mobile&quot;:{&quot;unit&quot;:&quot;px&quot;,&quot;size&quot;:&quot;&quot;,&quot;sizes&quot;:[]}}\" data-widget_type=\"posts.classic\">\n\t\t\t\t<div class=\"elementor-widget-container\">\n\t\t\t\t\t<div class=\"elementor-posts-container elementor-posts elementor-posts--skin-classic elementor-grid\">\n\t\t\t\t<article class=\"elementor-post elementor-grid-item post-1117 post type-post status-publish format-standard has-post-thumbnail hentry category-social-responsability tag-certifications\">\n\t\t\t\t<a class=\"elementor-post__thumbnail__link\" href=\"https:\/\/www.csqworld.com\/en\/ecological-conference-on-handling-control-and-collection-of-plastic-waste\/\" tabindex=\"-1\">\n\t\t\t<div class=\"elementor-post__thumbnail\"><img fetchpriority=\"high\" decoding=\"async\" width=\"320\" height=\"453\" src=\"https:\/\/www.csqworld.com\/wp-content\/uploads\/2020\/10\/Imagen-5.png\" class=\"attachment-medium_large size-medium_large wp-image-741\" alt=\"Certification for the participation in the Ecological Day of Control Management and the Collection of Plastic Waste\" srcset=\"https:\/\/www.csqworld.com\/wp-content\/uploads\/2020\/10\/Imagen-5.png 320w, https:\/\/www.csqworld.com\/wp-content\/uploads\/2020\/10\/Imagen-5-212x300.png 212w\" sizes=\"(max-width: 320px) 100vw, 320px\" \/><\/div>\n\t\t<\/a>\n\t\t\t\t<div class=\"elementor-post__text\">\n\t\t\t\t<h3 class=\"elementor-post__title\">\n\t\t\t<a href=\"https:\/\/www.csqworld.com\/en\/ecological-conference-on-handling-control-and-collection-of-plastic-waste\/\">\n\t\t\t\tEcological Conference on Handling Control and Collection of Plastic Waste\t\t\t<\/a>\n\t\t<\/h3>\n\t\t\t\t<div class=\"elementor-post__meta-data\">\n\t\t\t\t\t<span class=\"elementor-post-date\">\n\t\t\tNovember 13, 2020\t\t<\/span>\n\t\t\t\t<\/div>\n\t\t\t\t<div class=\"elementor-post__excerpt\">\n\t\t\t<p>Queremos agradecer al Departamento de Medio Ambiente y a la Alcald\u00eda Municipal de Boca Chica, Rep\u00fablica Dominicana, por hacernos entrega de la Certificaci\u00f3n por la<\/p>\n\t\t<\/div>\n\t\t\n\t\t<a class=\"elementor-post__read-more\" href=\"https:\/\/www.csqworld.com\/en\/ecological-conference-on-handling-control-and-collection-of-plastic-waste\/\" aria-label=\"Read more about Ecological Conference on Handling Control and Collection of Plastic Waste\" tabindex=\"-1\">\n\t\t\tRead more &gt;&gt;\t\t<\/a>\n\n\t\t\t\t<\/div>\n\t\t\t\t<\/article>\n\t\t\t\t<article class=\"elementor-post elementor-grid-item post-1115 post type-post status-publish format-standard has-post-thumbnail hentry category-events tag-events tag-gremi-estanquers tag-stands-en\">\n\t\t\t\t<a class=\"elementor-post__thumbnail__link\" href=\"https:\/\/www.csqworld.com\/en\/gremis-night-2019\/\" tabindex=\"-1\">\n\t\t\t<div class=\"elementor-post__thumbnail\"><img decoding=\"async\" width=\"513\" height=\"317\" src=\"https:\/\/www.csqworld.com\/wp-content\/uploads\/2019\/06\/gremmis.jpg\" class=\"attachment-medium_large size-medium_large wp-image-790\" alt=\"\" srcset=\"https:\/\/www.csqworld.com\/wp-content\/uploads\/2019\/06\/gremmis.jpg 513w, https:\/\/www.csqworld.com\/wp-content\/uploads\/2019\/06\/gremmis-300x185.jpg 300w\" sizes=\"(max-width: 513px) 100vw, 513px\" \/><\/div>\n\t\t<\/a>\n\t\t\t\t<div class=\"elementor-post__text\">\n\t\t\t\t<h3 class=\"elementor-post__title\">\n\t\t\t<a href=\"https:\/\/www.csqworld.com\/en\/gremis-night-2019\/\">\n\t\t\t\tGremi&#8217;s Night 2019\t\t\t<\/a>\n\t\t<\/h3>\n\t\t\t\t<div class=\"elementor-post__meta-data\">\n\t\t\t\t\t<span class=\"elementor-post-date\">\n\t\t\tNovember 13, 2020\t\t<\/span>\n\t\t\t\t<\/div>\n\t\t\t\t<div class=\"elementor-post__excerpt\">\n\t\t\t<p>We were present at the annual event &#8220;Gremi&#8217;s Night 2019&#8221; organised by the Gremi d&#8217;Estanquers de Catalunya, and we would like to publicly thank them<\/p>\n\t\t<\/div>\n\t\t\n\t\t<a class=\"elementor-post__read-more\" href=\"https:\/\/www.csqworld.com\/en\/gremis-night-2019\/\" aria-label=\"Read more about Gremi&#8217;s Night 2019\" tabindex=\"-1\">\n\t\t\tRead more &gt;&gt;\t\t<\/a>\n\n\t\t\t\t<\/div>\n\t\t\t\t<\/article>\n\t\t\t\t<article class=\"elementor-post elementor-grid-item post-1106 post type-post status-publish format-standard has-post-thumbnail hentry category-social-responsability tag-pacma-foundation tag-reforestation\">\n\t\t\t\t<a class=\"elementor-post__thumbnail__link\" href=\"https:\/\/www.csqworld.com\/en\/reforestation-day-in-santo-domingo\/\" tabindex=\"-1\">\n\t\t\t<div class=\"elementor-post__thumbnail\"><img decoding=\"async\" width=\"452\" height=\"310\" src=\"https:\/\/www.csqworld.com\/wp-content\/uploads\/2016\/05\/Imagen-1.png\" class=\"attachment-medium_large size-medium_large wp-image-737\" alt=\"Reforestation in Santo Domingo\" srcset=\"https:\/\/www.csqworld.com\/wp-content\/uploads\/2016\/05\/Imagen-1.png 452w, https:\/\/www.csqworld.com\/wp-content\/uploads\/2016\/05\/Imagen-1-300x206.png 300w\" sizes=\"(max-width: 452px) 100vw, 452px\" \/><\/div>\n\t\t<\/a>\n\t\t\t\t<div class=\"elementor-post__text\">\n\t\t\t\t<h3 class=\"elementor-post__title\">\n\t\t\t<a href=\"https:\/\/www.csqworld.com\/en\/reforestation-day-in-santo-domingo\/\">\n\t\t\t\tReforestation day in Santo Domingo\t\t\t<\/a>\n\t\t<\/h3>\n\t\t\t\t<div class=\"elementor-post__meta-data\">\n\t\t\t\t\t<span class=\"elementor-post-date\">\n\t\t\tNovember 13, 2020\t\t<\/span>\n\t\t\t\t<\/div>\n\t\t\t\t<div class=\"elementor-post__excerpt\">\n\t\t\t<p>In order to raise awareness and commit ourselves to nature, and the balance of the environment, we planted 600 trees.<\/p>\n\t\t<\/div>\n\t\t\n\t\t<a class=\"elementor-post__read-more\" href=\"https:\/\/www.csqworld.com\/en\/reforestation-day-in-santo-domingo\/\" aria-label=\"Read more about Reforestation day in Santo Domingo\" tabindex=\"-1\">\n\t\t\tRead more &gt;&gt;\t\t<\/a>\n\n\t\t\t\t<\/div>\n\t\t\t\t<\/article>\n\t\t\t\t<\/div>\n\t\t\n\t\t\t\t<\/div>\n\t\t\t\t<\/div>\n\t\t\t\t\t<\/div>\n\t\t<\/div>\n\t\t\t\t<div class=\"elementor-column elementor-col-50 elementor-top-column elementor-element elementor-element-dea62fc elementor-invisible\" data-id=\"dea62fc\" data-element_type=\"column\" data-settings=\"{&quot;animation&quot;:&quot;slideInUp&quot;,&quot;animation_delay&quot;:500}\">\n\t\t\t<div class=\"elementor-widget-wrap elementor-element-populated\">\n\t\t\t\t\t\t<div class=\"elementor-element elementor-element-d838835 elementor-widget elementor-widget-shortcode\" data-id=\"d838835\" data-element_type=\"widget\" data-widget_type=\"shortcode.default\">\n\t\t\t\t<div class=\"elementor-widget-container\">\n\t\t\t\t\t<div class=\"elementor-shortcode\">\t\t<div data-elementor-type=\"section\" data-elementor-id=\"809\" class=\"elementor elementor-809 elementor-613\" data-elementor-post-type=\"elementor_library\">\n\t\t\t\t\t<section class=\"elementor-section elementor-top-section elementor-element elementor-element-0b61aae elementor-section-boxed elementor-section-height-default elementor-section-height-default\" data-id=\"0b61aae\" data-element_type=\"section\">\n\t\t\t\t\t\t<div class=\"elementor-container elementor-column-gap-default\">\n\t\t\t\t\t<div class=\"elementor-column elementor-col-100 elementor-top-column elementor-element elementor-element-18a83ff elementor-invisible\" data-id=\"18a83ff\" data-element_type=\"column\" data-settings=\"{&quot;animation&quot;:&quot;slideInUp&quot;,&quot;animation_delay&quot;:500}\">\n\t\t\t<div class=\"elementor-widget-wrap elementor-element-populated\">\n\t\t\t\t\t\t<div class=\"elementor-element elementor-element-6e20f4f elementor-hidden-tablet elementor-hidden-phone elementor-widget elementor-widget-image\" data-id=\"6e20f4f\" data-element_type=\"widget\" data-widget_type=\"image.default\">\n\t\t\t\t<div class=\"elementor-widget-container\">\n\t\t\t\t\t\t\t\t\t\t\t\t\t\t<a href=\"https:\/\/www.csqworld.com\/en\/for-businesses\/\">\n\t\t\t\t\t\t\t<img loading=\"lazy\" decoding=\"async\" width=\"400\" height=\"600\" src=\"https:\/\/www.csqworld.com\/wp-content\/uploads\/2020\/10\/banner-empresa.jpg\" class=\"attachment-full size-full wp-image-777\" alt=\"Services for businesses\" srcset=\"https:\/\/www.csqworld.com\/wp-content\/uploads\/2020\/10\/banner-empresa.jpg 400w, https:\/\/www.csqworld.com\/wp-content\/uploads\/2020\/10\/banner-empresa-200x300.jpg 200w\" sizes=\"(max-width: 400px) 100vw, 400px\" \/>\t\t\t\t\t\t\t\t<\/a>\n\t\t\t\t\t\t\t\t\t\t\t\t\t<\/div>\n\t\t\t\t<\/div>\n\t\t\t\t<div class=\"elementor-element elementor-element-554a612 elementor-widget elementor-widget-wp-widget-categories\" data-id=\"554a612\" data-element_type=\"widget\" data-widget_type=\"wp-widget-categories.default\">\n\t\t\t\t<div class=\"elementor-widget-container\">\n\t\t\t<h5>Categories<\/h5>\n\t\t\t<ul>\n\t\t\t\t\t<li class=\"cat-item cat-item-32\"><a href=\"https:\/\/www.csqworld.com\/en\/category\/events\/\">Events<\/a>\n<\/li>\n\t<li class=\"cat-item cat-item-29\"><a href=\"https:\/\/www.csqworld.com\/en\/category\/social-responsability\/\">Social responsability<\/a>\n<\/li>\n\t\t\t<\/ul>\n\n\t\t\t\t\t<\/div>\n\t\t\t\t<\/div>\n\t\t\t\t<div class=\"elementor-element elementor-element-41f7797 elementor-hidden-tablet elementor-hidden-phone elementor-widget elementor-widget-image\" data-id=\"41f7797\" data-element_type=\"widget\" data-widget_type=\"image.default\">\n\t\t\t\t<div class=\"elementor-widget-container\">\n\t\t\t\t\t\t\t\t\t\t\t\t\t\t<a href=\"https:\/\/www.csqworld.com\/en\/for-individuals\/\">\n\t\t\t\t\t\t\t<img loading=\"lazy\" decoding=\"async\" width=\"400\" height=\"600\" src=\"https:\/\/www.csqworld.com\/wp-content\/uploads\/2020\/10\/banner-particulares.jpg\" class=\"attachment-full size-full wp-image-778\" alt=\"Services for individuals\" srcset=\"https:\/\/www.csqworld.com\/wp-content\/uploads\/2020\/10\/banner-particulares.jpg 400w, https:\/\/www.csqworld.com\/wp-content\/uploads\/2020\/10\/banner-particulares-200x300.jpg 200w\" sizes=\"(max-width: 400px) 100vw, 400px\" \/>\t\t\t\t\t\t\t\t<\/a>\n\t\t\t\t\t\t\t\t\t\t\t\t\t<\/div>\n\t\t\t\t<\/div>\n\t\t\t\t<div class=\"elementor-element elementor-element-5d8b3b9 elementor-widget elementor-widget-wp-widget-tag_cloud\" data-id=\"5d8b3b9\" data-element_type=\"widget\" data-widget_type=\"wp-widget-tag_cloud.default\">\n\t\t\t\t<div class=\"elementor-widget-container\">\n\t\t\t<h5>Tags<\/h5><div class=\"tagcloud\"><a href=\"https:\/\/www.csqworld.com\/en\/tag\/certifications\/\" class=\"tag-cloud-link tag-link-36 tag-link-position-1\" style=\"font-size: 8pt;\" aria-label=\"certifications (1 item)\">certifications<\/a>\n<a href=\"https:\/\/www.csqworld.com\/en\/tag\/events\/\" class=\"tag-cloud-link tag-link-35 tag-link-position-2\" style=\"font-size: 8pt;\" aria-label=\"events (1 item)\">events<\/a>\n<a href=\"https:\/\/www.csqworld.com\/en\/tag\/gremi-estanquers\/\" class=\"tag-cloud-link tag-link-33 tag-link-position-3\" style=\"font-size: 8pt;\" aria-label=\"Gremi Estanquers (1 item)\">Gremi Estanquers<\/a>\n<a href=\"https:\/\/www.csqworld.com\/en\/tag\/pacma-foundation\/\" class=\"tag-cloud-link tag-link-31 tag-link-position-4\" style=\"font-size: 8pt;\" aria-label=\"pacma foundation (1 item)\">pacma foundation<\/a>\n<a href=\"https:\/\/www.csqworld.com\/en\/tag\/reforestation\/\" class=\"tag-cloud-link tag-link-30 tag-link-position-5\" style=\"font-size: 8pt;\" aria-label=\"reforestation (1 item)\">reforestation<\/a>\n<a href=\"https:\/\/www.csqworld.com\/en\/tag\/stands-en\/\" class=\"tag-cloud-link tag-link-34 tag-link-position-6\" style=\"font-size: 8pt;\" aria-label=\"stands (1 item)\">stands<\/a><\/div>\n\t\t<\/div>\n\t\t\t\t<\/div>\n\t\t\t\t<div class=\"elementor-element elementor-element-5d93121 ignore-toc elementor-widget elementor-widget-heading\" data-id=\"5d93121\" data-element_type=\"widget\" data-widget_type=\"heading.default\">\n\t\t\t\t<div class=\"elementor-widget-container\">\n\t\t\t<h4 class=\"elementor-heading-title elementor-size-default\">Social Media<\/h4>\t\t<\/div>\n\t\t\t\t<\/div>\n\t\t\t\t<div class=\"elementor-element elementor-element-d28a0e8 e-grid-align-left elementor-shape-rounded elementor-grid-0 elementor-widget elementor-widget-social-icons\" data-id=\"d28a0e8\" data-element_type=\"widget\" data-widget_type=\"social-icons.default\">\n\t\t\t\t<div class=\"elementor-widget-container\">\n\t\t\t\t\t<div class=\"elementor-social-icons-wrapper elementor-grid\">\n\t\t\t\t\t\t\t<span class=\"elementor-grid-item\">\n\t\t\t\t\t<a class=\"elementor-icon elementor-social-icon elementor-social-icon-linkedin elementor-repeater-item-1872cd5\" href=\"https:\/\/www.linkedin.com\/company\/csq-non-stop-shops\" target=\"_blank\" rel=\"noopener\">\n\t\t\t\t\t\t<span class=\"elementor-screen-only\">Linkedin<\/span>\n\t\t\t\t\t\t<i class=\"fab fa-linkedin\"><\/i>\t\t\t\t\t<\/a>\n\t\t\t\t<\/span>\n\t\t\t\t\t<\/div>\n\t\t\t\t<\/div>\n\t\t\t\t<\/div>\n\t\t\t\t<div class=\"elementor-element elementor-element-0b80ba2 ignore-toc elementor-widget elementor-widget-heading\" data-id=\"0b80ba2\" data-element_type=\"widget\" data-widget_type=\"heading.default\">\n\t\t\t\t<div class=\"elementor-widget-container\">\n\t\t\t<h4 class=\"elementor-heading-title elementor-size-default\">Most popular <\/h4>\t\t<\/div>\n\t\t\t\t<\/div>\n\t\t\t\t<div class=\"elementor-element elementor-element-7ab638d elementor-grid-1 elementor-posts--thumbnail-left elementor-posts--align-left ignore-toc elementor-grid-tablet-2 elementor-grid-mobile-1 elementor-widget elementor-widget-posts\" data-id=\"7ab638d\" data-element_type=\"widget\" data-settings=\"{&quot;classic_columns&quot;:&quot;1&quot;,&quot;classic_row_gap&quot;:{&quot;unit&quot;:&quot;px&quot;,&quot;size&quot;:&quot;30&quot;,&quot;sizes&quot;:[]},&quot;classic_columns_tablet&quot;:&quot;2&quot;,&quot;classic_columns_mobile&quot;:&quot;1&quot;,&quot;classic_row_gap_tablet&quot;:{&quot;unit&quot;:&quot;px&quot;,&quot;size&quot;:&quot;&quot;,&quot;sizes&quot;:[]},&quot;classic_row_gap_mobile&quot;:{&quot;unit&quot;:&quot;px&quot;,&quot;size&quot;:&quot;&quot;,&quot;sizes&quot;:[]}}\" data-widget_type=\"posts.classic\">\n\t\t\t\t<div class=\"elementor-widget-container\">\n\t\t\t\t\t<div class=\"elementor-posts-container elementor-posts elementor-posts--skin-classic elementor-grid\">\n\t\t\t\t<article class=\"elementor-post elementor-grid-item post-1117 post type-post status-publish format-standard has-post-thumbnail hentry category-social-responsability tag-certifications\">\n\t\t\t\t<a class=\"elementor-post__thumbnail__link\" href=\"https:\/\/www.csqworld.com\/en\/ecological-conference-on-handling-control-and-collection-of-plastic-waste\/\" tabindex=\"-1\">\n\t\t\t<div class=\"elementor-post__thumbnail\"><img loading=\"lazy\" decoding=\"async\" width=\"320\" height=\"453\" src=\"https:\/\/www.csqworld.com\/wp-content\/uploads\/2020\/10\/Imagen-5.png\" class=\"attachment-full size-full wp-image-741\" alt=\"Certification for the participation in the Ecological Day of Control Management and the Collection of Plastic Waste\" srcset=\"https:\/\/www.csqworld.com\/wp-content\/uploads\/2020\/10\/Imagen-5.png 320w, https:\/\/www.csqworld.com\/wp-content\/uploads\/2020\/10\/Imagen-5-212x300.png 212w\" sizes=\"(max-width: 320px) 100vw, 320px\" \/><\/div>\n\t\t<\/a>\n\t\t\t\t<div class=\"elementor-post__text\">\n\t\t\t\t<h3 class=\"elementor-post__title\">\n\t\t\t<a href=\"https:\/\/www.csqworld.com\/en\/ecological-conference-on-handling-control-and-collection-of-plastic-waste\/\">\n\t\t\t\tEcological Conference on Handling Control and Collection of Plastic Waste\t\t\t<\/a>\n\t\t<\/h3>\n\t\t\t\t<div class=\"elementor-post__meta-data\">\n\t\t\t\t\t<span class=\"elementor-post-date\">\n\t\t\tNovember 13, 2020\t\t<\/span>\n\t\t\t\t<\/div>\n\t\t\t\t<\/div>\n\t\t\t\t<\/article>\n\t\t\t\t<article class=\"elementor-post elementor-grid-item post-1115 post type-post status-publish format-standard has-post-thumbnail hentry category-events tag-events tag-gremi-estanquers tag-stands-en\">\n\t\t\t\t<a class=\"elementor-post__thumbnail__link\" href=\"https:\/\/www.csqworld.com\/en\/gremis-night-2019\/\" tabindex=\"-1\">\n\t\t\t<div class=\"elementor-post__thumbnail\"><img loading=\"lazy\" decoding=\"async\" width=\"513\" height=\"317\" src=\"https:\/\/www.csqworld.com\/wp-content\/uploads\/2019\/06\/gremmis.jpg\" class=\"attachment-full size-full wp-image-790\" alt=\"\" srcset=\"https:\/\/www.csqworld.com\/wp-content\/uploads\/2019\/06\/gremmis.jpg 513w, https:\/\/www.csqworld.com\/wp-content\/uploads\/2019\/06\/gremmis-300x185.jpg 300w\" sizes=\"(max-width: 513px) 100vw, 513px\" \/><\/div>\n\t\t<\/a>\n\t\t\t\t<div class=\"elementor-post__text\">\n\t\t\t\t<h3 class=\"elementor-post__title\">\n\t\t\t<a href=\"https:\/\/www.csqworld.com\/en\/gremis-night-2019\/\">\n\t\t\t\tGremi&#8217;s Night 2019\t\t\t<\/a>\n\t\t<\/h3>\n\t\t\t\t<div class=\"elementor-post__meta-data\">\n\t\t\t\t\t<span class=\"elementor-post-date\">\n\t\t\tNovember 13, 2020\t\t<\/span>\n\t\t\t\t<\/div>\n\t\t\t\t<\/div>\n\t\t\t\t<\/article>\n\t\t\t\t<article class=\"elementor-post elementor-grid-item post-1106 post type-post status-publish format-standard has-post-thumbnail hentry category-social-responsability tag-pacma-foundation tag-reforestation\">\n\t\t\t\t<a class=\"elementor-post__thumbnail__link\" href=\"https:\/\/www.csqworld.com\/en\/reforestation-day-in-santo-domingo\/\" tabindex=\"-1\">\n\t\t\t<div class=\"elementor-post__thumbnail\"><img loading=\"lazy\" decoding=\"async\" width=\"452\" height=\"310\" src=\"https:\/\/www.csqworld.com\/wp-content\/uploads\/2016\/05\/Imagen-1.png\" class=\"attachment-full size-full wp-image-737\" alt=\"Reforestation in Santo Domingo\" srcset=\"https:\/\/www.csqworld.com\/wp-content\/uploads\/2016\/05\/Imagen-1.png 452w, https:\/\/www.csqworld.com\/wp-content\/uploads\/2016\/05\/Imagen-1-300x206.png 300w\" sizes=\"(max-width: 452px) 100vw, 452px\" \/><\/div>\n\t\t<\/a>\n\t\t\t\t<div class=\"elementor-post__text\">\n\t\t\t\t<h3 class=\"elementor-post__title\">\n\t\t\t<a href=\"https:\/\/www.csqworld.com\/en\/reforestation-day-in-santo-domingo\/\">\n\t\t\t\tReforestation day in Santo Domingo\t\t\t<\/a>\n\t\t<\/h3>\n\t\t\t\t<div class=\"elementor-post__meta-data\">\n\t\t\t\t\t<span class=\"elementor-post-date\">\n\t\t\tNovember 13, 2020\t\t<\/span>\n\t\t\t\t<\/div>\n\t\t\t\t<\/div>\n\t\t\t\t<\/article>\n\t\t\t\t<\/div>\n\t\t\n\t\t\t\t<\/div>\n\t\t\t\t<\/div>\n\t\t\t\t\t<\/div>\n\t\t<\/div>\n\t\t\t\t\t<\/div>\n\t\t<\/section>\n\t\t\t\t<\/div>\n\t\t<\/div>\n\t\t\t\t<\/div>\n\t\t\t\t<\/div>\n\t\t\t\t\t<\/div>\n\t\t<\/div>\n\t\t\t\t\t<\/div>\n\t\t<\/section>\n\t\t\t\t<\/div>\n\t\t","protected":false},"excerpt":{"rendered":"","protected":false},"author":1,"featured_media":0,"parent":0,"menu_order":0,"comment_status":"closed","ping_status":"closed","template":"elementor_header_footer","meta":{"_acf_changed":false,"footnotes":""},"acf":[],"_links":{"self":[{"href":"https:\/\/www.csqworld.com\/en\/wp-json\/wp\/v2\/pages\/837"}],"collection":[{"href":"https:\/\/www.csqworld.com\/en\/wp-json\/wp\/v2\/pages"}],"about":[{"href":"https:\/\/www.csqworld.com\/en\/wp-json\/wp\/v2\/types\/page"}],"author":[{"embeddable":true,"href":"https:\/\/www.csqworld.com\/en\/wp-json\/wp\/v2\/users\/1"}],"replies":[{"embeddable":true,"href":"https:\/\/www.csqworld.com\/en\/wp-json\/wp\/v2\/comments?post=837"}],"version-history":[{"count":0,"href":"https:\/\/www.csqworld.com\/en\/wp-json\/wp\/v2\/pages\/837\/revisions"}],"wp:attachment":[{"href":"https:\/\/www.csqworld.com\/en\/wp-json\/wp\/v2\/media?parent=837"}],"curies":[{"name":"wp","href":"https:\/\/api.w.org\/{rel}","templated":true}]}}