{"id":823,"date":"2020-11-08T10:47:52","date_gmt":"2020-11-08T10:47:52","guid":{"rendered":"https:\/\/www.csqworld.com\/get-to-know-us\/"},"modified":"2020-11-23T14:57:10","modified_gmt":"2020-11-23T14:57:10","slug":"about-us","status":"publish","type":"page","link":"https:\/\/www.csqworld.com\/en\/about-us\/","title":{"rendered":"About us"},"content":{"rendered":"\t\t<div data-elementor-type=\"wp-page\" data-elementor-id=\"823\" class=\"elementor elementor-823 elementor-66\" data-elementor-post-type=\"page\">\n\t\t\t\t\t\t<section class=\"elementor-section elementor-top-section elementor-element elementor-element-76738b7 elementor-section-boxed elementor-section-height-default elementor-section-height-default\" data-id=\"76738b7\" data-element_type=\"section\" data-settings=\"{&quot;background_background&quot;:&quot;classic&quot;}\">\n\t\t\t\t\t\t<div class=\"elementor-container elementor-column-gap-default\">\n\t\t\t\t\t<div class=\"elementor-column elementor-col-50 elementor-top-column elementor-element elementor-element-a7cd3f3 elementor-invisible\" data-id=\"a7cd3f3\" data-element_type=\"column\" data-settings=\"{&quot;animation&quot;:&quot;fadeInLeft&quot;}\">\n\t\t\t<div class=\"elementor-widget-wrap elementor-element-populated\">\n\t\t\t\t\t\t<div class=\"elementor-element elementor-element-a2456dd elementor-widget elementor-widget-heading\" data-id=\"a2456dd\" data-element_type=\"widget\" data-widget_type=\"heading.default\">\n\t\t\t\t<div class=\"elementor-widget-container\">\n\t\t\t<h3 class=\"elementor-heading-title elementor-size-default\">OUR HISTORY<\/h3>\t\t<\/div>\n\t\t\t\t<\/div>\n\t\t\t\t<div class=\"elementor-element elementor-element-83ace57 elementor-widget elementor-widget-heading\" data-id=\"83ace57\" data-element_type=\"widget\" data-widget_type=\"heading.default\">\n\t\t\t\t<div class=\"elementor-widget-container\">\n\t\t\t<h2 class=\"elementor-heading-title elementor-size-default\">What is CSQ Group?<\/h2>\t\t<\/div>\n\t\t\t\t<\/div>\n\t\t\t\t<div class=\"elementor-element elementor-element-566c132 elementor-widget elementor-widget-ucaddon_separator_bullet_animation\" data-id=\"566c132\" data-element_type=\"widget\" data-widget_type=\"ucaddon_separator_bullet_animation.default\">\n\t\t\t\t<div class=\"elementor-widget-container\">\n\t\t\t<!-- start Separator Bullet Animation -->\n\t\t\t<style type=\"text\/css\">\/* widget: Separator Bullet Animation *\/\n\n@keyframes MOVE-BG {\n  from {left: 0%;}\n  to {left: 100%;}\n}\n.bar {\n\theight: 5px;\n  \tdisplay: inline-block;\n\twidth: 200px;\n\tbackground: #DFEFFF;\n\tmargin: 20px auto 15px;\n\tposition: relative;\n\tborder-radius: 30px;\n}\n.bar::before {\n\tcontent: '';\n\tposition: absolute;\n\tleft: 0;\n\ttop: -3.7px;\n\theight: 12px;\n\twidth: 12px;\n\tborder-radius: 50%;\n\t-webkit-animation-duration: 3s;\n\tanimation-duration: 3s;\n\t-webkit-animation-timing-function: linear;\n\tanimation-timing-function: linear;\n\t-webkit-animation-iteration-count: infinite;\n\tanimation-iteration-count: infinite;\n\t-webkit-animation-name: MOVE-BG;\n\tanimation-name: MOVE-BG;\n}\n.bar::before {\n\tbackground: #066BD2;\n}\n\n<\/style>\n\n\t\t\t<div class=\"bar-container\" style=\"text-align:left;\">\n  <div class=\"bar\"><\/div>\n<\/div>\n\t\t\t<!-- end Separator Bullet Animation -->\t\t<\/div>\n\t\t\t\t<\/div>\n\t\t\t\t\t<\/div>\n\t\t<\/div>\n\t\t\t\t<div class=\"elementor-column elementor-col-50 elementor-top-column elementor-element elementor-element-c340531 elementor-invisible\" data-id=\"c340531\" data-element_type=\"column\" data-settings=\"{&quot;animation&quot;:&quot;fadeInRight&quot;}\">\n\t\t\t<div class=\"elementor-widget-wrap elementor-element-populated\">\n\t\t\t\t\t\t<div class=\"elementor-element elementor-element-744b1d7 elementor-widget elementor-widget-text-editor\" data-id=\"744b1d7\" data-element_type=\"widget\" data-widget_type=\"text-editor.default\">\n\t\t\t\t<div class=\"elementor-widget-container\">\n\t\t\t\t\t\t\t<p>The CSQ Group is a business group focused on providing technological support and offering capillary distribution channels for any company wishing to establish any type of digital interaction with its clients.<\/p>\n<p>Our qualified team, with more than 25 years of experience, guarantees a high level of service quality.<\/p>\n<p>We are leaders in the digital distribution sector, and we have developed our business internationally with offices in various countries in Europe and America, from where we establish commercial relations with the 5 continents.<\/p>\n<p>&nbsp;<\/p>\n\t\t\t\t\t\t<\/div>\n\t\t\t\t<\/div>\n\t\t\t\t\t<\/div>\n\t\t<\/div>\n\t\t\t\t\t<\/div>\n\t\t<\/section>\n\t\t\t\t<section class=\"elementor-section elementor-top-section elementor-element elementor-element-93013f1 elementor-section-boxed elementor-section-height-default elementor-section-height-default elementor-invisible\" data-id=\"93013f1\" data-element_type=\"section\" data-settings=\"{&quot;animation&quot;:&quot;zoomInUp&quot;}\">\n\t\t\t\t\t\t<div class=\"elementor-container elementor-column-gap-default\">\n\t\t\t\t\t<div class=\"elementor-column elementor-col-100 elementor-top-column elementor-element elementor-element-e0273ab\" data-id=\"e0273ab\" data-element_type=\"column\">\n\t\t\t<div class=\"elementor-widget-wrap elementor-element-populated\">\n\t\t\t\t\t\t<div class=\"elementor-element elementor-element-c76a335 elementor-arrows-position-inside elementor-pagination-position-outside elementor-widget elementor-widget-image-carousel\" data-id=\"c76a335\" data-element_type=\"widget\" data-settings=\"{&quot;slides_to_show&quot;:&quot;1&quot;,&quot;navigation&quot;:&quot;both&quot;,&quot;autoplay&quot;:&quot;yes&quot;,&quot;pause_on_hover&quot;:&quot;yes&quot;,&quot;pause_on_interaction&quot;:&quot;yes&quot;,&quot;autoplay_speed&quot;:5000,&quot;infinite&quot;:&quot;yes&quot;,&quot;effect&quot;:&quot;slide&quot;,&quot;speed&quot;:500}\" data-widget_type=\"image-carousel.default\">\n\t\t\t\t<div class=\"elementor-widget-container\">\n\t\t\t\t\t<div class=\"elementor-image-carousel-wrapper swiper\" dir=\"ltr\">\n\t\t\t<div class=\"elementor-image-carousel swiper-wrapper swiper-image-stretch\" aria-live=\"off\">\n\t\t\t\t\t\t\t\t<div class=\"swiper-slide\" role=\"group\" aria-roledescription=\"slide\" aria-label=\"1 of 6\"><figure class=\"swiper-slide-inner\"><img decoding=\"async\" class=\"swiper-slide-image\" src=\"https:\/\/www.csqworld.com\/wp-content\/uploads\/2020\/10\/csq-galeria_0000_woman-raising-her-hands-while-taking-selfie-768x480.jpg\" alt=\"CSQ World\" \/><\/figure><\/div><div class=\"swiper-slide\" role=\"group\" aria-roledescription=\"slide\" aria-label=\"2 of 6\"><figure class=\"swiper-slide-inner\"><img decoding=\"async\" class=\"swiper-slide-image\" src=\"https:\/\/www.csqworld.com\/wp-content\/uploads\/2020\/10\/csq-galeria_0001_stunning-young-woman-video-calling-768x480.jpg\" alt=\"CSQ World\" \/><\/figure><\/div><div class=\"swiper-slide\" role=\"group\" aria-roledescription=\"slide\" aria-label=\"3 of 6\"><figure class=\"swiper-slide-inner\"><img decoding=\"async\" class=\"swiper-slide-image\" src=\"https:\/\/www.csqworld.com\/wp-content\/uploads\/2020\/10\/csq-galeria_0002_pretty-freelance-copywriter-texting-message-phone-while-her-colleagues-typing-keyboards-indoor-portrait-768x480.jpg\" alt=\"CSQ World\" \/><\/figure><\/div><div class=\"swiper-slide\" role=\"group\" aria-roledescription=\"slide\" aria-label=\"4 of 6\"><figure class=\"swiper-slide-inner\"><img decoding=\"async\" class=\"swiper-slide-image\" src=\"https:\/\/www.csqworld.com\/wp-content\/uploads\/2020\/10\/csq-galeria_0003_manager-leading-brainstorming-meeting-768x480.jpg\" alt=\"CSQ World\" \/><\/figure><\/div><div class=\"swiper-slide\" role=\"group\" aria-roledescription=\"slide\" aria-label=\"5 of 6\"><figure class=\"swiper-slide-inner\"><img decoding=\"async\" class=\"swiper-slide-image\" src=\"https:\/\/www.csqworld.com\/wp-content\/uploads\/2020\/10\/csq-galeria_0004_group-of-people-working-out-business-plan-in-an-office-768x480.jpg\" alt=\"CSQ World\" \/><\/figure><\/div><div class=\"swiper-slide\" role=\"group\" aria-roledescription=\"slide\" aria-label=\"6 of 6\"><figure class=\"swiper-slide-inner\"><img decoding=\"async\" class=\"swiper-slide-image\" src=\"https:\/\/www.csqworld.com\/wp-content\/uploads\/2020\/10\/csq-galeria_0006_woman-talking-768x480.png\" alt=\"csq-galeria_0006_woman-talking\" \/><\/figure><\/div>\t\t\t<\/div>\n\t\t\t\t\t\t\t\t\t\t\t\t<div class=\"elementor-swiper-button elementor-swiper-button-prev\" role=\"button\" tabindex=\"0\">\n\t\t\t\t\t\t<i aria-hidden=\"true\" class=\"eicon-chevron-left\"><\/i>\t\t\t\t\t<\/div>\n\t\t\t\t\t<div class=\"elementor-swiper-button elementor-swiper-button-next\" role=\"button\" tabindex=\"0\">\n\t\t\t\t\t\t<i aria-hidden=\"true\" class=\"eicon-chevron-right\"><\/i>\t\t\t\t\t<\/div>\n\t\t\t\t\n\t\t\t\t\t\t\t\t\t<div class=\"swiper-pagination\"><\/div>\n\t\t\t\t\t\t\t\t\t<\/div>\n\t\t\t\t<\/div>\n\t\t\t\t<\/div>\n\t\t\t\t\t<\/div>\n\t\t<\/div>\n\t\t\t\t\t<\/div>\n\t\t<\/section>\n\t\t\t\t<section class=\"elementor-section elementor-top-section elementor-element elementor-element-2c30a8a elementor-section-boxed elementor-section-height-default elementor-section-height-default elementor-invisible\" data-id=\"2c30a8a\" data-element_type=\"section\" data-settings=\"{&quot;animation&quot;:&quot;slideInUp&quot;}\">\n\t\t\t\t\t\t<div class=\"elementor-container elementor-column-gap-default\">\n\t\t\t\t\t<div class=\"elementor-column elementor-col-100 elementor-top-column elementor-element elementor-element-b16cfc3\" data-id=\"b16cfc3\" data-element_type=\"column\">\n\t\t\t<div class=\"elementor-widget-wrap elementor-element-populated\">\n\t\t\t\t\t\t<div class=\"elementor-element elementor-element-cda4d49 elementor-widget elementor-widget-ucaddon_blox_alternating_classic_pointer_timeline\" data-id=\"cda4d49\" data-element_type=\"widget\" data-widget_type=\"ucaddon_blox_alternating_classic_pointer_timeline.default\">\n\t\t\t\t<div class=\"elementor-widget-container\">\n\t\t\t<!-- start Alternating Timeline -->\n\t\t<link id='uc_ac_assets_file_blox_alternating_classic_pointer_timeline_css_3438-css' href='https:\/\/www.csqworld.com\/wp-content\/uploads\/ac_assets\/blox_alternating_classic_pointer_timeline\/blox-alternating-classic-pointer-timeline.css' type='text\/css' rel='stylesheet' >\n\n\n\t\t\t<ul class=\"blox-alternating-classic-pointer-timeline\">\n    \t<li>\n        \t<div class=\"blox-wrapper\" style=\"background-color:#DFEFFF;text-align:left; direction:ltr;\">\n            \t<span class=\"blox-dote\" style=\"background-color:#066BD2;\"><\/span>\n                <div class=\"blox-heading\">1993<\/div>\t\n                <div class=\"blox-content\"><span  class=\"uc_style_blox_alternating_classic_pointer_timeline_elementor_uc_items_attribute_description\" >Se inicia la actividad en distribuci\u00f3n de abonos de transporte en Barcelona.<\/span><\/div>\n            <\/div>\n<\/li>\n<li>\n        \t<div class=\"blox-wrapper\" style=\"background-color:#DFEFFF;text-align:left; direction:ltr;\">\n            \t<span class=\"blox-dote\" style=\"background-color:#066BD2;\"><\/span>\n                <div class=\"blox-heading\">1995<\/div>\t\n                <div class=\"blox-content\"><span  class=\"uc_style_blox_alternating_classic_pointer_timeline_elementor_uc_items_attribute_description\" >Se inicia la distribuci\u00f3n de recargas de telefon\u00eda en Espa\u00f1a.<\/span><\/div>\n            <\/div>\n<\/li>\n<li>\n        \t<div class=\"blox-wrapper\" style=\"background-color:#DFEFFF;text-align:left; direction:ltr;\">\n            \t<span class=\"blox-dote\" style=\"background-color:#066BD2;\"><\/span>\n                <div class=\"blox-heading\">1997<\/div>\t\n                <div class=\"blox-content\"><span  class=\"uc_style_blox_alternating_classic_pointer_timeline_elementor_uc_items_attribute_description\" >Se inicia la distribuci\u00f3n digital de recargas.<\/span><\/div>\n            <\/div>\n<\/li>\n<li>\n        \t<div class=\"blox-wrapper\" style=\"background-color:#DFEFFF;text-align:left; direction:ltr;\">\n            \t<span class=\"blox-dote\" style=\"background-color:#066BD2;\"><\/span>\n                <div class=\"blox-heading\">2000<\/div>\t\n                <div class=\"blox-content\"><span  class=\"uc_style_blox_alternating_classic_pointer_timeline_elementor_uc_items_attribute_description\" >Inversi\u00f3n en tecnolog\u00eda propia. <br>\nCreaci\u00f3n de la plataforma transaccional de CSQ.<\/span><\/div>\n            <\/div>\n<\/li>\n<li>\n        \t<div class=\"blox-wrapper\" style=\"background-color:#DFEFFF;text-align:left; direction:ltr;\">\n            \t<span class=\"blox-dote\" style=\"background-color:#066BD2;\"><\/span>\n                <div class=\"blox-heading\">2005<\/div>\t\n                <div class=\"blox-content\"><span  class=\"uc_style_blox_alternating_classic_pointer_timeline_elementor_uc_items_attribute_description\" >Diversificaci\u00f3n de Producto. <br>De la recarga al contenido digital. <\/span><\/div>\n            <\/div>\n<\/li>\n<li>\n        \t<div class=\"blox-wrapper\" style=\"background-color:#DFEFFF;text-align:left; direction:ltr;\">\n            \t<span class=\"blox-dote\" style=\"background-color:#066BD2;\"><\/span>\n                <div class=\"blox-heading\">2011<\/div>\t\n                <div class=\"blox-content\"><span  class=\"uc_style_blox_alternating_classic_pointer_timeline_elementor_uc_items_attribute_description\" >Se inicia La expansi\u00f3n Internacional.<\/span><\/div>\n            <\/div>\n<\/li>\n<li>\n        \t<div class=\"blox-wrapper\" style=\"background-color:#DFEFFF;text-align:left; direction:ltr;\">\n            \t<span class=\"blox-dote\" style=\"background-color:#066BD2;\"><\/span>\n                <div class=\"blox-heading\">2012<\/div>\t\n                <div class=\"blox-content\"><span  class=\"uc_style_blox_alternating_classic_pointer_timeline_elementor_uc_items_attribute_description\" >Creaci\u00f3n de filial en Rep\u00fablica Dominicana.<\/span><\/div>\n            <\/div>\n<\/li>\n<li>\n        \t<div class=\"blox-wrapper\" style=\"background-color:#DFEFFF;text-align:left; direction:ltr;\">\n            \t<span class=\"blox-dote\" style=\"background-color:#066BD2;\"><\/span>\n                <div class=\"blox-heading\">2013<\/div>\t\n                <div class=\"blox-content\"><span  class=\"uc_style_blox_alternating_classic_pointer_timeline_elementor_uc_items_attribute_description\" >Creaci\u00f3n de la unidad del negocio de recarga internacional.<br>\nCreaci\u00f3n de filial en Estados Unidos.<br>\nCreaci\u00f3n de filial en Puerto Rico.<\/span><\/div>\n            <\/div>\n<\/li>\n<li>\n        \t<div class=\"blox-wrapper\" style=\"background-color:#DFEFFF;text-align:left; direction:ltr;\">\n            \t<span class=\"blox-dote\" style=\"background-color:#066BD2;\"><\/span>\n                <div class=\"blox-heading\">2015<\/div>\t\n                <div class=\"blox-content\"><span  class=\"uc_style_blox_alternating_classic_pointer_timeline_elementor_uc_items_attribute_description\" >Expansi\u00f3n de la distribuci\u00f3n internacional a +50 pa\u00edses.<br>\nCreaci\u00f3n filial en Colombia.<\/span><\/div>\n            <\/div>\n<\/li>\n<li>\n        \t<div class=\"blox-wrapper\" style=\"background-color:#DFEFFF;text-align:left; direction:ltr;\">\n            \t<span class=\"blox-dote\" style=\"background-color:#066BD2;\"><\/span>\n                <div class=\"blox-heading\">2016<\/div>\t\n                <div class=\"blox-content\"><span  class=\"uc_style_blox_alternating_classic_pointer_timeline_elementor_uc_items_attribute_description\" >Adquisici\u00f3n de la sociedad VOX Telecom en Suiza.<\/span><\/div>\n            <\/div>\n<\/li>\n<li>\n        \t<div class=\"blox-wrapper\" style=\"background-color:#DFEFFF;text-align:left; direction:ltr;\">\n            \t<span class=\"blox-dote\" style=\"background-color:#066BD2;\"><\/span>\n                <div class=\"blox-heading\">2017<\/div>\t\n                <div class=\"blox-content\"><span  class=\"uc_style_blox_alternating_classic_pointer_timeline_elementor_uc_items_attribute_description\" >Inversi\u00f3n en otros negocios tecnol\u00f3gicos.<\/span><\/div>\n            <\/div>\n<\/li>\n<li>\n        \t<div class=\"blox-wrapper\" style=\"background-color:#DFEFFF;text-align:left; direction:ltr;\">\n            \t<span class=\"blox-dote\" style=\"background-color:#066BD2;\"><\/span>\n                <div class=\"blox-heading\">2019<\/div>\t\n                <div class=\"blox-content\"><span  class=\"uc_style_blox_alternating_classic_pointer_timeline_elementor_uc_items_attribute_description\" >Desarrollo del modelo B2C.<\/span><\/div>\n            <\/div>\n<\/li>\n\n<\/ul>\n\t\t\t<!-- end Alternating Timeline -->\t\t<\/div>\n\t\t\t\t<\/div>\n\t\t\t\t\t<\/div>\n\t\t<\/div>\n\t\t\t\t\t<\/div>\n\t\t<\/section>\n\t\t\t\t<section class=\"elementor-section elementor-top-section elementor-element elementor-element-9dbd4d2 elementor-section-boxed elementor-section-height-default elementor-section-height-default\" data-id=\"9dbd4d2\" data-element_type=\"section\" data-settings=\"{&quot;background_background&quot;:&quot;classic&quot;}\">\n\t\t\t\t\t\t<div class=\"elementor-container elementor-column-gap-default\">\n\t\t\t\t\t<div class=\"elementor-column elementor-col-100 elementor-top-column elementor-element elementor-element-ec2c1b6\" data-id=\"ec2c1b6\" data-element_type=\"column\">\n\t\t\t<div class=\"elementor-widget-wrap elementor-element-populated\">\n\t\t\t\t\t\t<section class=\"elementor-section elementor-inner-section elementor-element elementor-element-ecbf8d9 elementor-section-boxed elementor-section-height-default elementor-section-height-default elementor-invisible\" data-id=\"ecbf8d9\" data-element_type=\"section\" data-settings=\"{&quot;animation&quot;:&quot;zoomIn&quot;}\">\n\t\t\t\t\t\t<div class=\"elementor-container elementor-column-gap-default\">\n\t\t\t\t\t<div class=\"elementor-column elementor-col-100 elementor-inner-column elementor-element elementor-element-6a41b21\" data-id=\"6a41b21\" data-element_type=\"column\">\n\t\t\t<div class=\"elementor-widget-wrap elementor-element-populated\">\n\t\t\t\t\t\t<div class=\"elementor-element elementor-element-d393bf3 elementor-widget elementor-widget-heading\" data-id=\"d393bf3\" data-element_type=\"widget\" data-widget_type=\"heading.default\">\n\t\t\t\t<div class=\"elementor-widget-container\">\n\t\t\t<h2 class=\"elementor-heading-title elementor-size-default\">Who makes up the CSQ group?<\/h2>\t\t<\/div>\n\t\t\t\t<\/div>\n\t\t\t\t<div class=\"elementor-element elementor-element-d5d56a8 elementor-widget elementor-widget-ucaddon_separator_bullet_animation\" data-id=\"d5d56a8\" data-element_type=\"widget\" data-widget_type=\"ucaddon_separator_bullet_animation.default\">\n\t\t\t\t<div class=\"elementor-widget-container\">\n\t\t\t<!-- start Separator Bullet Animation -->\n\t\t\t<style type=\"text\/css\">\/* widget: Separator Bullet Animation *\/\n\n@keyframes MOVE-BG {\n  from {left: 0%;}\n  to {left: 100%;}\n}\n.bar {\n\theight: 5px;\n  \tdisplay: inline-block;\n\twidth: 200px;\n\tbackground: #DFEFFF;\n\tmargin: 20px auto 15px;\n\tposition: relative;\n\tborder-radius: 30px;\n}\n.bar::before {\n\tcontent: '';\n\tposition: absolute;\n\tleft: 0;\n\ttop: -3.7px;\n\theight: 12px;\n\twidth: 12px;\n\tborder-radius: 50%;\n\t-webkit-animation-duration: 3s;\n\tanimation-duration: 3s;\n\t-webkit-animation-timing-function: linear;\n\tanimation-timing-function: linear;\n\t-webkit-animation-iteration-count: infinite;\n\tanimation-iteration-count: infinite;\n\t-webkit-animation-name: MOVE-BG;\n\tanimation-name: MOVE-BG;\n}\n.bar::before {\n\tbackground: #066BD2;\n}\n\n<\/style>\n\n\t\t\t<div class=\"bar-container\" style=\"text-align:center;\">\n  <div class=\"bar\"><\/div>\n<\/div>\n\t\t\t<!-- end Separator Bullet Animation -->\t\t<\/div>\n\t\t\t\t<\/div>\n\t\t\t\t<div class=\"elementor-element elementor-element-521af0b elementor-widget elementor-widget-heading\" data-id=\"521af0b\" data-element_type=\"widget\" data-widget_type=\"heading.default\">\n\t\t\t\t<div class=\"elementor-widget-container\">\n\t\t\t<h4 class=\"elementor-heading-title elementor-size-default\">The CSQ Group is comprised of:<\/h4>\t\t<\/div>\n\t\t\t\t<\/div>\n\t\t\t\t\t<\/div>\n\t\t<\/div>\n\t\t\t\t\t<\/div>\n\t\t<\/section>\n\t\t\t\t<section class=\"elementor-section elementor-inner-section elementor-element elementor-element-fc4abeb elementor-section-boxed elementor-section-height-default elementor-section-height-default\" data-id=\"fc4abeb\" data-element_type=\"section\">\n\t\t\t\t\t\t<div class=\"elementor-container elementor-column-gap-default\">\n\t\t\t\t\t<div class=\"elementor-column elementor-col-50 elementor-inner-column elementor-element elementor-element-a72d170 elementor-invisible\" data-id=\"a72d170\" data-element_type=\"column\" data-settings=\"{&quot;animation&quot;:&quot;fadeInLeft&quot;}\">\n\t\t\t<div class=\"elementor-widget-wrap elementor-element-populated\">\n\t\t\t\t\t\t<div class=\"elementor-element elementor-element-cf8b37e elementor-icon-list--layout-traditional elementor-list-item-link-full_width elementor-widget elementor-widget-icon-list\" data-id=\"cf8b37e\" data-element_type=\"widget\" data-widget_type=\"icon-list.default\">\n\t\t\t\t<div class=\"elementor-widget-container\">\n\t\t\t\t\t<ul class=\"elementor-icon-list-items\">\n\t\t\t\t\t\t\t<li class=\"elementor-icon-list-item\">\n\t\t\t\t\t\t\t\t\t\t\t<span class=\"elementor-icon-list-icon\">\n\t\t\t\t\t\t\t<i aria-hidden=\"true\" class=\"fas fa-map-marker-alt\"><\/i>\t\t\t\t\t\t<\/span>\n\t\t\t\t\t\t\t\t\t\t<span class=\"elementor-icon-list-text\">CSQ Non Stop Shops S.L. Spain, with offices in Barcelona and Madrid.<\/span>\n\t\t\t\t\t\t\t\t\t<\/li>\n\t\t\t\t\t\t\t\t<li class=\"elementor-icon-list-item\">\n\t\t\t\t\t\t\t\t\t\t\t<span class=\"elementor-icon-list-icon\">\n\t\t\t\t\t\t\t<i aria-hidden=\"true\" class=\"fas fa-map-marker-alt\"><\/i>\t\t\t\t\t\t<\/span>\n\t\t\t\t\t\t\t\t\t\t<span class=\"elementor-icon-list-text\">CSQ Non Stop LLC. USA, with office in Miami.<\/span>\n\t\t\t\t\t\t\t\t\t<\/li>\n\t\t\t\t\t\t\t\t<li class=\"elementor-icon-list-item\">\n\t\t\t\t\t\t\t\t\t\t\t<span class=\"elementor-icon-list-icon\">\n\t\t\t\t\t\t\t<i aria-hidden=\"true\" class=\"fas fa-map-marker-alt\"><\/i>\t\t\t\t\t\t<\/span>\n\t\t\t\t\t\t\t\t\t\t<span class=\"elementor-icon-list-text\">VOX Telecom SA. Switzerland, with office in V\u00e9senaz.<\/span>\n\t\t\t\t\t\t\t\t\t<\/li>\n\t\t\t\t\t\t\t\t<li class=\"elementor-icon-list-item\">\n\t\t\t\t\t\t\t\t\t\t\t<span class=\"elementor-icon-list-icon\">\n\t\t\t\t\t\t\t<i aria-hidden=\"true\" class=\"fas fa-map-marker-alt\"><\/i>\t\t\t\t\t\t<\/span>\n\t\t\t\t\t\t\t\t\t\t<span class=\"elementor-icon-list-text\">CSQ Dominicana SRL. Dominican Republic, with office in Santo Domingo.<\/span>\n\t\t\t\t\t\t\t\t\t<\/li>\n\t\t\t\t\t\t<\/ul>\n\t\t\t\t<\/div>\n\t\t\t\t<\/div>\n\t\t\t\t\t<\/div>\n\t\t<\/div>\n\t\t\t\t<div class=\"elementor-column elementor-col-50 elementor-inner-column elementor-element elementor-element-038dfbc elementor-invisible\" data-id=\"038dfbc\" data-element_type=\"column\" data-settings=\"{&quot;animation&quot;:&quot;fadeInRight&quot;}\">\n\t\t\t<div class=\"elementor-widget-wrap elementor-element-populated\">\n\t\t\t\t\t\t<div class=\"elementor-element elementor-element-2826d50 elementor-widget elementor-widget-html\" data-id=\"2826d50\" data-element_type=\"widget\" data-widget_type=\"html.default\">\n\t\t\t\t<div class=\"elementor-widget-container\">\n\t\t\t<iframe src=\"https:\/\/www.google.com\/maps\/d\/u\/0\/embed?mid=1mfrSzsxKKD8UDzn-YwhmPfXemw6-8-J6\" width=\"640\" height=\"350\"><\/iframe>\t\t<\/div>\n\t\t\t\t<\/div>\n\t\t\t\t\t<\/div>\n\t\t<\/div>\n\t\t\t\t\t<\/div>\n\t\t<\/section>\n\t\t\t\t\t<\/div>\n\t\t<\/div>\n\t\t\t\t\t<\/div>\n\t\t<\/section>\n\t\t\t\t<\/div>\n\t\t","protected":false},"excerpt":{"rendered":"<p>OUR HISTORY What is CSQ Group? The CSQ Group is a business group focused on providing technological support and offering capillary distribution channels for any company wishing to establish any type of digital interaction with its clients. Our qualified team, with more than 25 years of experience, guarantees a high level of service quality. We [&hellip;]<\/p>\n","protected":false},"author":1,"featured_media":0,"parent":0,"menu_order":0,"comment_status":"closed","ping_status":"closed","template":"elementor_header_footer","meta":{"_acf_changed":false,"footnotes":""},"acf":[],"_links":{"self":[{"href":"https:\/\/www.csqworld.com\/en\/wp-json\/wp\/v2\/pages\/823"}],"collection":[{"href":"https:\/\/www.csqworld.com\/en\/wp-json\/wp\/v2\/pages"}],"about":[{"href":"https:\/\/www.csqworld.com\/en\/wp-json\/wp\/v2\/types\/page"}],"author":[{"embeddable":true,"href":"https:\/\/www.csqworld.com\/en\/wp-json\/wp\/v2\/users\/1"}],"replies":[{"embeddable":true,"href":"https:\/\/www.csqworld.com\/en\/wp-json\/wp\/v2\/comments?post=823"}],"version-history":[{"count":0,"href":"https:\/\/www.csqworld.com\/en\/wp-json\/wp\/v2\/pages\/823\/revisions"}],"wp:attachment":[{"href":"https:\/\/www.csqworld.com\/en\/wp-json\/wp\/v2\/media?parent=823"}],"curies":[{"name":"wp","href":"https:\/\/api.w.org\/{rel}","templated":true}]}}